{"id":7,"date":"2013-02-12T13:40:36","date_gmt":"2013-02-12T12:40:36","guid":{"rendered":"http:\/\/katrinkruse.com\/?page_id=7"},"modified":"2023-10-05T11:00:57","modified_gmt":"2023-10-05T09:00:57","slug":"about-katrin-kruse","status":"publish","type":"page","link":"https:\/\/www.katrinkruse.com\/de\/about-katrin-kruse\/","title":{"rendered":"\u00dcBER MICH"},"content":{"rendered":"<p><img loading=\"lazy\" src=\"https:\/\/www.katrinkruse.com\/wp-content\/uploads\/2022\/03\/KAY.jpg\" alt=\"Katrin Kruse Basel\" width=\"200\" height=\"200\" class=\"alignnone size-full wp-image-504\" \/><\/p>\n<p>Ich coache, und ich schreibe. Mich interessiert, wie wir lebendig werden \u2013 wie es kommt, dass wir uns begeistern oder innerlich stranden, die Protagonistin der eigenen Existenz sind oder grundlegend die Lust an ihr verlieren. F\u00fcr welche Art von Leben wir uns entscheiden, oder eben oft: nicht entscheiden. <\/p>\n<p>Ich habe ein Jahrzehnt mit kritischer Theorie und Kulturwissenschaft an verschiedenen Universit\u00e4ten verbracht, als Journalistin gearbeitet, Interviews gef\u00fchrt, Vortr\u00e4ge gehalten und an Kunsthochschulen doziert und viel gecoacht. Coaching ist eine ziemlich interessante Sache \u2013 und f\u00fcr mich war diese Arbeit als Mentorin ein Wendepunkt.<\/p>\n<p>Ein Coaching ist wie eine Kartographie. Man lernt die Denkbewegungen kennen, die Koordinaten, in denen jemand steht und die emotionale F\u00e4rbung der inneren Welt. All das ist unsichtbar, aber in der Wirkung ungeheuer solide. Wer kreative Prozesse begleitet, wird mit der Zeit ziemlich gut darin, dieses eigentlich Unsichtbare aufzusp\u00fcren. Man sieht glitzerndes Potential und glorioses Scheitern \u2013 und begreift irgendwann, woran beides h\u00e4ngt.<\/p>\n<p>Was ich dort verstanden habe: <\/p>\n<p>Damit ein kreativer Prozess gelingt, braucht es eine Art verk\u00f6rpertes Denken.<\/p>\n<p>Eine gute Idee ist ein guter Ausgangspunkt \u2013 aber kein Kompass. Freies Denken \u00f6ffnet einen Raum \u2013 gibt aber nahezu keine Orientierung. Interessante Perspektiven, konzeptuelles Geschick, all das ist fabelhaft. Was es aber in jedem gestalterischen Prozess braucht, ist: Gesp\u00fcr, Zugang zur Intuition und zum K\u00f6rperwissen \u2013 dieses verk\u00f6rperte Denken eben. Man muss mit dem Unbewussten arbeiten, nicht dagegen. <\/p>\n<p>Es braucht Spiel, Improvisation, und gleichzeitig muss man selbst als Gestalterin dieses Spiel lenken, f\u00fchren, begleiten. Man muss die eigene Freiheit quasi nach Innen durchhalten. Die eigene Vision an den eigenen Zweifeln vorbei dirigieren.<\/p>\n<p>Mir wurde klar: Ob man frei denken kann, Ideen hat, Imagination \u2013 das ist nur die eine Frage. Die andere, die viel wichtigere ist, ob man all das nach Innen durchhalten kann, den kreativen Prozess \u00fcber \u2013 oder eben \u00fcber die gesamte eigene Biographie. <\/p>\n<p>Diese K\u00f6rperverbindung ist auch zentral, wenn man sich nicht vollends ersch\u00f6pfen will \u2013 das habe ich selbst erst sp\u00e4t verstanden, nach ziemlichen vielen Burnout-Episoden. Jetzt weiss ich es. <\/p>\n<p>Auf der eigenen Spur bleiben. Sich selbst auf der Spur sein. An an den Dingen dran sein, und an sich selbst. Grenzen erkennen, ebenso wie Potentiale. Die Existenz gestalten, wie ein Werk, &#8216;a body of work&#8217; \u2013 weil sie das ja ist.<\/p>\n<p>Genau damit arbeite ich.<\/p>\n<p>Vita: Ich bin Coach und Autorin. Ich habe Kulturwissenschaft und Literatur im Master in Berlin und London studiert und eine somatische Coaching-Ausbildung in Kalifornien gemacht. Ich war freie Autorin unter anderem der taz in Berlin, habe f\u00fcr die Kultur \u00fcber die Pariser Schauen berichtet, war Redakteurin der NZZ am Sonntag in Z\u00fcrich, Ressortleiterin bei der Sonntagszeitung, habe als Dozentin und Mentorin an der Hochschule f\u00fcr Gestaltung und Kunst in Basel Modetheorie und Konzept unterrichtet und Trendforschung an der Z\u00fcrcher Hochschule der K\u00fcnste. Ich lebe in Bern.<\/p>\n","protected":false},"excerpt":{"rendered":"<p>Ich coache, und ich schreibe. Mich interessiert, wie wir lebendig werden \u2013 wie es kommt, dass wir uns begeistern oder innerlich stranden, die Protagonistin der eigenen Existenz sind oder grundlegend die Lust an ihr verlieren. F\u00fcr welche Art von Leben wir uns entscheiden, oder eben oft: nicht entscheiden. Ich habe ein Jahrzehnt mit kritischer Theorie [&hellip;]<\/p>\n","protected":false},"author":1,"featured_media":0,"parent":0,"menu_order":0,"comment_status":"closed","ping_status":"closed","template":"","meta":[],"yoast_head":"<!-- This site is optimized with the Yoast SEO plugin v15.1.1 - https:\/\/yoast.com\/wordpress\/plugins\/seo\/ -->\n<title>ABOUT &ndash; Katrin Kruse<\/title>\n<meta name=\"description\" content=\"Autorin. Coach. Somatic Coach. Embodiment Coaching. Body Meditation. I work trauma informed, worldwide, online. English + German.\" \/>\n<meta name=\"robots\" content=\"index, follow, max-snippet:-1, max-image-preview:large, max-video-preview:-1\" \/>\n<link rel=\"canonical\" href=\"https:\/\/www.katrinkruse.com\/about-katrin-kruse\/\" \/>\n<meta property=\"og:locale\" content=\"de_DE\" \/>\n<meta property=\"og:type\" content=\"article\" \/>\n<meta property=\"og:title\" content=\"ABOUT &ndash; Katrin Kruse\" \/>\n<meta property=\"og:description\" content=\"Autorin. Coach. Somatic Coach. Embodiment Coaching. Body Meditation. I work trauma informed, worldwide, online. English + German.\" \/>\n<meta property=\"og:url\" content=\"https:\/\/www.katrinkruse.com\/about-katrin-kruse\/\" \/>\n<meta property=\"og:site_name\" content=\"Katrin Kruse\" \/>\n<meta property=\"article:modified_time\" content=\"2023-10-05T09:00:57+00:00\" \/>\n<meta property=\"og:image\" content=\"https:\/\/www.katrinkruse.com\/wp-content\/uploads\/2022\/03\/KAY.jpg\" \/>\n<script type=\"application\/ld+json\" class=\"yoast-schema-graph\">{\"@context\":\"https:\/\/schema.org\",\"@graph\":[{\"@type\":[\"Person\",\"Organization\"],\"@id\":\"https:\/\/www.katrinkruse.com\/de\/#\/schema\/person\/107d9a3cacb9e4b6a60389081f3a594b\",\"name\":\"Katrin Kruse\",\"image\":{\"@type\":\"ImageObject\",\"@id\":\"https:\/\/www.katrinkruse.com\/de\/#personlogo\",\"inLanguage\":\"de-DE\",\"url\":\"https:\/\/secure.gravatar.com\/avatar\/6e534c666d72699e4e992cef8bf6bfd4?s=96&d=mm&r=g\",\"caption\":\"Katrin Kruse\"},\"logo\":{\"@id\":\"https:\/\/www.katrinkruse.com\/de\/#personlogo\"},\"sameAs\":[\"http:\/\/www.katrinkruse.com\"]},{\"@type\":\"WebSite\",\"@id\":\"https:\/\/www.katrinkruse.com\/de\/#website\",\"url\":\"https:\/\/www.katrinkruse.com\/de\/\",\"name\":\"Katrin Kruse\",\"description\":\"\",\"publisher\":{\"@id\":\"https:\/\/www.katrinkruse.com\/de\/#\/schema\/person\/107d9a3cacb9e4b6a60389081f3a594b\"},\"potentialAction\":[{\"@type\":\"SearchAction\",\"target\":\"https:\/\/www.katrinkruse.com\/de\/?s={search_term_string}\",\"query-input\":\"required name=search_term_string\"}],\"inLanguage\":\"de-DE\"},{\"@type\":\"ImageObject\",\"@id\":\"https:\/\/www.katrinkruse.com\/about-katrin-kruse\/#primaryimage\",\"inLanguage\":\"de-DE\",\"url\":\"https:\/\/www.katrinkruse.com\/wp-content\/uploads\/2022\/03\/KAY.jpg\",\"width\":1024,\"height\":1024},{\"@type\":\"WebPage\",\"@id\":\"https:\/\/www.katrinkruse.com\/about-katrin-kruse\/#webpage\",\"url\":\"https:\/\/www.katrinkruse.com\/about-katrin-kruse\/\",\"name\":\"ABOUT &ndash; Katrin Kruse\",\"isPartOf\":{\"@id\":\"https:\/\/www.katrinkruse.com\/de\/#website\"},\"primaryImageOfPage\":{\"@id\":\"https:\/\/www.katrinkruse.com\/about-katrin-kruse\/#primaryimage\"},\"datePublished\":\"2013-02-12T12:40:36+00:00\",\"dateModified\":\"2023-10-05T09:00:57+00:00\",\"description\":\"Autorin. Coach. Somatic Coach. Embodiment Coaching. Body Meditation. I work trauma informed, worldwide, online. English + German.\",\"inLanguage\":\"de-DE\",\"potentialAction\":[{\"@type\":\"ReadAction\",\"target\":[\"https:\/\/www.katrinkruse.com\/about-katrin-kruse\/\"]}]}]}<\/script>\n<!-- \/ Yoast SEO plugin. -->","_links":{"self":[{"href":"https:\/\/www.katrinkruse.com\/de\/wp-json\/wp\/v2\/pages\/7"}],"collection":[{"href":"https:\/\/www.katrinkruse.com\/de\/wp-json\/wp\/v2\/pages"}],"about":[{"href":"https:\/\/www.katrinkruse.com\/de\/wp-json\/wp\/v2\/types\/page"}],"author":[{"embeddable":true,"href":"https:\/\/www.katrinkruse.com\/de\/wp-json\/wp\/v2\/users\/1"}],"replies":[{"embeddable":true,"href":"https:\/\/www.katrinkruse.com\/de\/wp-json\/wp\/v2\/comments?post=7"}],"version-history":[{"count":177,"href":"https:\/\/www.katrinkruse.com\/de\/wp-json\/wp\/v2\/pages\/7\/revisions"}],"predecessor-version":[{"id":1040,"href":"https:\/\/www.katrinkruse.com\/de\/wp-json\/wp\/v2\/pages\/7\/revisions\/1040"}],"wp:attachment":[{"href":"https:\/\/www.katrinkruse.com\/de\/wp-json\/wp\/v2\/media?parent=7"}],"curies":[{"name":"wp","href":"https:\/\/api.w.org\/{rel}","templated":true}]}}