{"id":2,"date":"2013-02-12T13:30:24","date_gmt":"2013-02-12T12:30:24","guid":{"rendered":"http:\/\/katrinkruse.com\/?page_id=2"},"modified":"2026-04-18T09:48:56","modified_gmt":"2026-04-18T07:48:56","slug":"coaching","status":"publish","type":"page","link":"https:\/\/www.katrinkruse.com\/de\/coaching\/","title":{"rendered":"COACHING"},"content":{"rendered":"<p>Im Coaching geht es immer um Selbstverbindung \u2013 egal, worum es sonst gehen mag. Wenn es schwierig ist, mit sich selbst zu sein, dann ist alles andere auch nicht leicht. <\/p>\n<p>Ich meine mit Selbstverbindung nicht ein Nachdenken \u00fcber sich selbst, oder ein \u201aKreisen um sich\u2018. Ich meine ein Anwesendsein in sich selbst. Was zuerst einmal bedeutet: in Kontakt mit dem eigenen K\u00f6rper sein. <\/p>\n<p>Das ist keine Frage von joggen gehen oder Yoga machen. Es ist der Kontakt zum inneren K\u00f6rper \u2013 zu den K\u00f6rperempfindungen, dem \u201afelt sense\u2018. Dieser innere K\u00f6rper ist ersp\u00fcrbar, von Moment zu Moment: ein verzweigtes, nuanciertes inneres Erleben. <\/p>\n<p>Wir sind nicht besonders ge\u00fcbt darin, diesen inneren K\u00f6rper \u00fcberhaupt zu bemerken \u2013 was fatal ist. Warum? Weil die Frage: \u201aWie geht es mir?\u2018 ohne Kontakt zum inneren K\u00f6rper nicht zu beantworten ist. <\/p>\n<p>Wenn ich nicht f\u00fchlen kann, wie es mir geht, kann ich nur denken, wie es mir geht.<\/p>\n<p>Was kein guter Kompass ist.<\/p>\n<p>Empfindungen sind die Sprache des K\u00f6rpers. Die geht uns verloren. Wir brauchen wieder einen Ganzk\u00f6rperkontakt zu uns selbst. Genau darum geht es im somatischen Coaching.<\/p>\n<p>Ich arbeite mit Menschen, die merken, dass es einen radikalen inneren Wandel braucht, weil sie ins Burnout schlingern werden, wenn die Dinge so weiterlaufen. Ich arbeite mit Kreativen, die sich erodieren durch finsterste Selbstkritik, in der Arbeit ersch\u00f6pfen, die verk\u00f6rperter sein wollen, spielerischer denken, intuitiver arbeiten. Ich arbeite mit hochsensiblen Menschen, die sich w\u00fcnschen, dass ihr eigener empfindsamer K\u00f6rper zum sicheren Ort wird. <\/p>\n<p>Viele sind &#8216;zu viel im Kopf&#8217; und wollen das anders. Klar ist das aufregender, dicht am K\u00f6rper dran zu sein. Die weitgehend unverk\u00f6rperte Existenz ist auch weitgehend unlebendig. Die Protagonistin der eigenen Existenz sein, und nicht blo\u00df passiv in ihr unterwegs: Wenn das f\u00fcr Sie\/dich ein Versprechen ist, das Lust macht, dann k\u00f6nnte eine Zusammenarbeit passen. Die Lust ist ziemlich zentral. <\/p>\n<p>Es gibt Coaching-Ans\u00e4tze, die sind ultra-pragmatisch: Ziele setzen, und dann Ziele verfolgen, Dinge abhaken. Es gibt somatische Ans\u00e4tze, deren L\u00f6sung f\u00fcr \u201azu viel im Kopf sein\u2018 ist, weniger zu denken. So arbeite ich nicht. <\/p>\n<p>K\u00f6rpercoaching arbeitet in den tiefen Schichten des Selbst, am Ort der Imagination selbst. Es geht um die M\u00f6glichkeit einer Existenz, die vom K\u00f6rper gef\u00fchrt ist, und mit den eigenen Impulsen verbunden.<\/p>\n<p>Der K\u00f6rper ist ein zentraler Aspekt im Coaching, und das konzeptuelle (also: plastische) Denken der andere. Es geht darum, sie zusammenzubringen: Kopf und K\u00f6rper, Imagination und Empfindung. Wir arbeiten quasi vertikal.<\/p>\n<p>\u201aZu viel im Kopf sein\u2018 bedeutet schlicht: zu wenig im K\u00f6rper sein. Wir m\u00fcssen nicht weniger denken, sondern nur mehr im K\u00f6rper sein. Verk\u00f6rperter denken.<\/p>\n<p>Ich mag die Metaebene \u2013 und die braucht es auch, wenn wir wirklichen Wandel wollen. Man muss begreifen, wo man eigentlich drinsteht. Die Koordinaten finden, in denen man stehen will. Oft braucht es ein k\u00fchnes Neudenken unserer ganzen Situation. Einen Selbstentwurf, der Lust macht.<\/p>\n<p>Begriffe also sind zentral, wenn es um Coaching geht. Nur geht es in diesem Sprechen immer auch um das Echo im K\u00f6rper. Oder anders: Wir reden, aber wir reden nie nur.<\/p>\n<p>Die Methoden und Techniken, mit denen ich arbeite, kommen vor allem aus der K\u00f6rperarbeit: die Verbindung mit dem felt sense, das \u201aTracking\u2018 des autonomen Nervensystems, Selbstregulation (die ist zentral), Atemarbeit sowie emotionale Literarit\u00e4t und die Verbindung mit der eigenen Innenwelt. Meine Weise, mit Konzepten und Methodiken zu arbeiten, ist informiert vom Mentorieren k\u00fcnstlerischer Gestaltungsprozesse, meinen langj\u00e4hrigen Studien sowie der eigenen kreativen Praxis. <\/p>\n<p>Ich arbeite trauma-informiert, bin jedoch keine Therapeutin. Coaching ist kein Ersatz f\u00fcr Therapie, wo diese notwendig oder sinnvoll w\u00e4re.<\/p>\n<p>F\u00fcr alle Fragen bin ich gern erreichbar unter kk@katrinkruse.com.<\/p>\n","protected":false},"excerpt":{"rendered":"<p>Im Coaching geht es immer um Selbstverbindung \u2013 egal, worum es sonst gehen mag. Wenn es schwierig ist, mit sich selbst zu sein, dann ist alles andere auch nicht leicht. Ich meine mit Selbstverbindung nicht ein Nachdenken \u00fcber sich selbst, oder ein \u201aKreisen um sich\u2018. Ich meine ein Anwesendsein in sich selbst. Was zuerst einmal [&hellip;]<\/p>\n","protected":false},"author":1,"featured_media":0,"parent":0,"menu_order":0,"comment_status":"closed","ping_status":"closed","template":"","meta":[],"yoast_head":"<!-- This site is optimized with the Yoast SEO plugin v15.1.1 - https:\/\/yoast.com\/wordpress\/plugins\/seo\/ -->\n<title>COACHING &ndash; Katrin Kruse<\/title>\n<meta name=\"description\" content=\"Autorin. Coach. Coachin. Personal coach, love coach, embodiment coaching. I work trauma informed, worldwide, online. English + German.\" \/>\n<meta name=\"robots\" content=\"index, follow, max-snippet:-1, max-image-preview:large, max-video-preview:-1\" \/>\n<link rel=\"canonical\" href=\"https:\/\/www.katrinkruse.com\/coaching\/\" \/>\n<meta property=\"og:locale\" content=\"de_DE\" \/>\n<meta property=\"og:type\" content=\"article\" \/>\n<meta property=\"og:title\" content=\"COACHING &ndash; Katrin Kruse\" \/>\n<meta property=\"og:description\" content=\"Autorin. Coach. Coachin. Personal coach, love coach, embodiment coaching. I work trauma informed, worldwide, online. English + German.\" \/>\n<meta property=\"og:url\" content=\"https:\/\/www.katrinkruse.com\/coaching\/\" \/>\n<meta property=\"og:site_name\" content=\"Katrin Kruse\" \/>\n<meta property=\"article:modified_time\" content=\"2026-04-18T07:48:56+00:00\" \/>\n<script type=\"application\/ld+json\" class=\"yoast-schema-graph\">{\"@context\":\"https:\/\/schema.org\",\"@graph\":[{\"@type\":[\"Person\",\"Organization\"],\"@id\":\"https:\/\/www.katrinkruse.com\/de\/#\/schema\/person\/107d9a3cacb9e4b6a60389081f3a594b\",\"name\":\"Katrin Kruse\",\"image\":{\"@type\":\"ImageObject\",\"@id\":\"https:\/\/www.katrinkruse.com\/de\/#personlogo\",\"inLanguage\":\"de-DE\",\"url\":\"https:\/\/secure.gravatar.com\/avatar\/6e534c666d72699e4e992cef8bf6bfd4?s=96&d=mm&r=g\",\"caption\":\"Katrin Kruse\"},\"logo\":{\"@id\":\"https:\/\/www.katrinkruse.com\/de\/#personlogo\"},\"sameAs\":[\"http:\/\/www.katrinkruse.com\"]},{\"@type\":\"WebSite\",\"@id\":\"https:\/\/www.katrinkruse.com\/de\/#website\",\"url\":\"https:\/\/www.katrinkruse.com\/de\/\",\"name\":\"Katrin Kruse\",\"description\":\"\",\"publisher\":{\"@id\":\"https:\/\/www.katrinkruse.com\/de\/#\/schema\/person\/107d9a3cacb9e4b6a60389081f3a594b\"},\"potentialAction\":[{\"@type\":\"SearchAction\",\"target\":\"https:\/\/www.katrinkruse.com\/de\/?s={search_term_string}\",\"query-input\":\"required name=search_term_string\"}],\"inLanguage\":\"de-DE\"},{\"@type\":\"WebPage\",\"@id\":\"https:\/\/www.katrinkruse.com\/coaching\/#webpage\",\"url\":\"https:\/\/www.katrinkruse.com\/coaching\/\",\"name\":\"COACHING &ndash; Katrin Kruse\",\"isPartOf\":{\"@id\":\"https:\/\/www.katrinkruse.com\/de\/#website\"},\"datePublished\":\"2013-02-12T12:30:24+00:00\",\"dateModified\":\"2026-04-18T07:48:56+00:00\",\"description\":\"Autorin. Coach. Coachin. Personal coach, love coach, embodiment coaching. I work trauma informed, worldwide, online. English + German.\",\"inLanguage\":\"de-DE\",\"potentialAction\":[{\"@type\":\"ReadAction\",\"target\":[\"https:\/\/www.katrinkruse.com\/coaching\/\"]}]}]}<\/script>\n<!-- \/ Yoast SEO plugin. -->","_links":{"self":[{"href":"https:\/\/www.katrinkruse.com\/de\/wp-json\/wp\/v2\/pages\/2"}],"collection":[{"href":"https:\/\/www.katrinkruse.com\/de\/wp-json\/wp\/v2\/pages"}],"about":[{"href":"https:\/\/www.katrinkruse.com\/de\/wp-json\/wp\/v2\/types\/page"}],"author":[{"embeddable":true,"href":"https:\/\/www.katrinkruse.com\/de\/wp-json\/wp\/v2\/users\/1"}],"replies":[{"embeddable":true,"href":"https:\/\/www.katrinkruse.com\/de\/wp-json\/wp\/v2\/comments?post=2"}],"version-history":[{"count":161,"href":"https:\/\/www.katrinkruse.com\/de\/wp-json\/wp\/v2\/pages\/2\/revisions"}],"predecessor-version":[{"id":1105,"href":"https:\/\/www.katrinkruse.com\/de\/wp-json\/wp\/v2\/pages\/2\/revisions\/1105"}],"wp:attachment":[{"href":"https:\/\/www.katrinkruse.com\/de\/wp-json\/wp\/v2\/media?parent=2"}],"curies":[{"name":"wp","href":"https:\/\/api.w.org\/{rel}","templated":true}]}}