{"id":180,"date":"2013-02-12T13:42:39","date_gmt":"2013-02-12T12:42:39","guid":{"rendered":"http:\/\/www.katrinkruse.com\/?page_id=180"},"modified":"2026-04-18T17:20:35","modified_gmt":"2026-04-18T15:20:35","slug":"embodiment","status":"publish","type":"page","link":"https:\/\/www.katrinkruse.com\/de\/embodiment\/","title":{"rendered":"KONZEPTE"},"content":{"rendered":"<p>Verk\u00f6rperung ist erstmal ein sonderbarer Begriff. Der K\u00f6rper ist ja schon da, es ist nicht klar, was noch mit ihm getan werden sollte. Das \u201aVer\u2018- ist verwirrend. Wo sollten wir sein, wenn nicht im K\u00f6rper? Und doch ist es so: Verk\u00f6rpertsein, das ist eher die Ausnahme.<\/p>\n<p>Wenn ich sage \u201averk\u00f6rpert\u2018, meine ich: anwesend sein k\u00f6nnen \u2013 mit allem was ist. In Verbindung sein mit dem felt sense, mit den K\u00f6rperempfindungen, dem ganzen eigenen inneren Terrain. Der felt sense \u2013 das Bewusstsein f\u00fcr den inneren K\u00f6rper \u2013 ist ein verzweigtes, nuanciertes, von Moment zu Moment ersp\u00fcrbares inneres Erleben.<\/p>\n<p>Dieser innere K\u00f6rper ist zentral. <\/p>\n<p>Wir sind nicht besonders ge\u00fcbt darin, diesen inneren K\u00f6rper zu beschreiben (angefangen damit, dass es fast keine Begriffe f\u00fcr ihn gibt). Folglich nicht ge\u00fcbt darin, mit ihm in Kontakt zu sein \u2013 was fatal ist. Warum? Weil die Frage: \u201aWie geht es mir?\u2018 ohne Kontakt zum inneren K\u00f6rper nicht zu beantworten ist. <\/p>\n<p>Wenn ich nicht f\u00fchlen kann, wie es mir geht, kann ich nur denken, wie es mir geht.<\/p>\n<p>Was kein besonders guter Kompass ist.<\/p>\n<p>Empfindungen sind die Sprache des K\u00f6rpers. Die geht uns verloren. Wir brauchen wieder einen Ganzk\u00f6rperkontakt zu uns selbst. Darum geht es im somatischen Coaching.<\/p>\n","protected":false},"excerpt":{"rendered":"<p>Verk\u00f6rperung ist erstmal ein sonderbarer Begriff. Der K\u00f6rper ist ja schon da, es ist nicht klar, was noch mit ihm getan werden sollte. Das \u201aVer\u2018- ist verwirrend. Wo sollten wir sein, wenn nicht im K\u00f6rper? Und doch ist es so: Verk\u00f6rpertsein, das ist eher die Ausnahme. Wenn ich sage \u201averk\u00f6rpert\u2018, meine ich: anwesend sein k\u00f6nnen [&hellip;]<\/p>\n","protected":false},"author":1,"featured_media":0,"parent":0,"menu_order":0,"comment_status":"closed","ping_status":"closed","template":"","meta":[],"yoast_head":"<!-- This site is optimized with the Yoast SEO plugin v15.1.1 - https:\/\/yoast.com\/wordpress\/plugins\/seo\/ -->\n<title>EMBODIMENT &ndash; Katrin Kruse<\/title>\n<meta name=\"description\" content=\"Embodiment Coach. Verk\u00f6rperung. K\u00f6rper Meditation. Body Meditation. Somatisches Coaching. K\u00f6rpercoach. K\u00f6rperarbeit.\" \/>\n<meta name=\"robots\" content=\"index, follow, max-snippet:-1, max-image-preview:large, max-video-preview:-1\" \/>\n<link rel=\"canonical\" href=\"https:\/\/www.katrinkruse.com\/embodiment\/\" \/>\n<meta property=\"og:locale\" content=\"de_DE\" \/>\n<meta property=\"og:type\" content=\"article\" \/>\n<meta property=\"og:title\" content=\"EMBODIMENT &ndash; Katrin Kruse\" \/>\n<meta property=\"og:description\" content=\"Embodiment Coach. Verk\u00f6rperung. K\u00f6rper Meditation. Body Meditation. Somatisches Coaching. K\u00f6rpercoach. K\u00f6rperarbeit.\" \/>\n<meta property=\"og:url\" content=\"https:\/\/www.katrinkruse.com\/embodiment\/\" \/>\n<meta property=\"og:site_name\" content=\"Katrin Kruse\" \/>\n<meta property=\"article:modified_time\" content=\"2026-04-18T15:20:35+00:00\" \/>\n<script type=\"application\/ld+json\" class=\"yoast-schema-graph\">{\"@context\":\"https:\/\/schema.org\",\"@graph\":[{\"@type\":[\"Person\",\"Organization\"],\"@id\":\"https:\/\/www.katrinkruse.com\/de\/#\/schema\/person\/107d9a3cacb9e4b6a60389081f3a594b\",\"name\":\"Katrin Kruse\",\"image\":{\"@type\":\"ImageObject\",\"@id\":\"https:\/\/www.katrinkruse.com\/de\/#personlogo\",\"inLanguage\":\"de-DE\",\"url\":\"https:\/\/secure.gravatar.com\/avatar\/6e534c666d72699e4e992cef8bf6bfd4?s=96&d=mm&r=g\",\"caption\":\"Katrin Kruse\"},\"logo\":{\"@id\":\"https:\/\/www.katrinkruse.com\/de\/#personlogo\"},\"sameAs\":[\"http:\/\/www.katrinkruse.com\"]},{\"@type\":\"WebSite\",\"@id\":\"https:\/\/www.katrinkruse.com\/de\/#website\",\"url\":\"https:\/\/www.katrinkruse.com\/de\/\",\"name\":\"Katrin Kruse\",\"description\":\"\",\"publisher\":{\"@id\":\"https:\/\/www.katrinkruse.com\/de\/#\/schema\/person\/107d9a3cacb9e4b6a60389081f3a594b\"},\"potentialAction\":[{\"@type\":\"SearchAction\",\"target\":\"https:\/\/www.katrinkruse.com\/de\/?s={search_term_string}\",\"query-input\":\"required name=search_term_string\"}],\"inLanguage\":\"de-DE\"},{\"@type\":\"WebPage\",\"@id\":\"https:\/\/www.katrinkruse.com\/embodiment\/#webpage\",\"url\":\"https:\/\/www.katrinkruse.com\/embodiment\/\",\"name\":\"EMBODIMENT &ndash; Katrin Kruse\",\"isPartOf\":{\"@id\":\"https:\/\/www.katrinkruse.com\/de\/#website\"},\"datePublished\":\"2013-02-12T12:42:39+00:00\",\"dateModified\":\"2026-04-18T15:20:35+00:00\",\"description\":\"Embodiment Coach. Verk\\u00f6rperung. K\\u00f6rper Meditation. Body Meditation. Somatisches Coaching. K\\u00f6rpercoach. K\\u00f6rperarbeit.\",\"inLanguage\":\"de-DE\",\"potentialAction\":[{\"@type\":\"ReadAction\",\"target\":[\"https:\/\/www.katrinkruse.com\/embodiment\/\"]}]}]}<\/script>\n<!-- \/ Yoast SEO plugin. -->","_links":{"self":[{"href":"https:\/\/www.katrinkruse.com\/de\/wp-json\/wp\/v2\/pages\/180"}],"collection":[{"href":"https:\/\/www.katrinkruse.com\/de\/wp-json\/wp\/v2\/pages"}],"about":[{"href":"https:\/\/www.katrinkruse.com\/de\/wp-json\/wp\/v2\/types\/page"}],"author":[{"embeddable":true,"href":"https:\/\/www.katrinkruse.com\/de\/wp-json\/wp\/v2\/users\/1"}],"replies":[{"embeddable":true,"href":"https:\/\/www.katrinkruse.com\/de\/wp-json\/wp\/v2\/comments?post=180"}],"version-history":[{"count":83,"href":"https:\/\/www.katrinkruse.com\/de\/wp-json\/wp\/v2\/pages\/180\/revisions"}],"predecessor-version":[{"id":1123,"href":"https:\/\/www.katrinkruse.com\/de\/wp-json\/wp\/v2\/pages\/180\/revisions\/1123"}],"wp:attachment":[{"href":"https:\/\/www.katrinkruse.com\/de\/wp-json\/wp\/v2\/media?parent=180"}],"curies":[{"name":"wp","href":"https:\/\/api.w.org\/{rel}","templated":true}]}}