{"id":160,"date":"2013-02-12T13:44:39","date_gmt":"2013-02-12T12:44:39","guid":{"rendered":"http:\/\/www.katrinkruse.com\/?page_id=160"},"modified":"2026-04-18T09:51:22","modified_gmt":"2026-04-18T07:51:22","slug":"11-coaching","status":"publish","type":"page","link":"https:\/\/www.katrinkruse.com\/de\/11-coaching\/","title":{"rendered":"1:1 COACHING"},"content":{"rendered":"<p>Ein somatisches Coaching ist ein Gespr\u00e4ch, das den K\u00f6rper nicht vergisst. <\/p>\n<p>Wir sprechen, und dabei landen wir im K\u00f6rper: So sehen unsere Coaching Sessions aus. Ich coache online, per Zoom. Es ist tats\u00e4chlich so, dass Verk\u00f6rperung funktioniert \u2013 auch oder gerade in diesem virtuellen Miteinander. <\/p>\n<p>Eine einst\u00fcndige Coaching-Sitzung kostet 200 Franken. Ein zweiw\u00f6chentlicher Rhythmus ist vor allem anfangs sinnvoll. Monatliche Sitzungen im Rahmen einer loseren Begleitung sind ebenfalls m\u00f6glich.<\/p>\n","protected":false},"excerpt":{"rendered":"<p>Ein somatisches Coaching ist ein Gespr\u00e4ch, das den K\u00f6rper nicht vergisst. Wir sprechen, und dabei landen wir im K\u00f6rper: So sehen unsere Coaching Sessions aus. Ich coache online, per Zoom. Es ist tats\u00e4chlich so, dass Verk\u00f6rperung funktioniert \u2013 auch oder gerade in diesem virtuellen Miteinander. Eine einst\u00fcndige Coaching-Sitzung kostet 200 Franken. Ein zweiw\u00f6chentlicher Rhythmus ist [&hellip;]<\/p>\n","protected":false},"author":1,"featured_media":0,"parent":0,"menu_order":0,"comment_status":"closed","ping_status":"closed","template":"","meta":[],"yoast_head":"<!-- This site is optimized with the Yoast SEO plugin v15.1.1 - https:\/\/yoast.com\/wordpress\/plugins\/seo\/ -->\n<title>1:1 COACHING1:1 SESSIONS &ndash; Katrin Kruse<\/title>\n<meta name=\"description\" content=\"Coach. Autorin. Somatic Coach. K\u00f6rpercoaching. Body Meditation. Embodiment Coaching. Nervous system support.\" \/>\n<meta name=\"robots\" content=\"index, follow, max-snippet:-1, max-image-preview:large, max-video-preview:-1\" \/>\n<link rel=\"canonical\" href=\"https:\/\/www.katrinkruse.com\/11-coaching\/\" \/>\n<meta property=\"og:locale\" content=\"de_DE\" \/>\n<meta property=\"og:type\" content=\"article\" \/>\n<meta property=\"og:title\" content=\"1:1 COACHING1:1 SESSIONS &ndash; Katrin Kruse\" \/>\n<meta property=\"og:description\" content=\"Coach. Autorin. Somatic Coach. K\u00f6rpercoaching. Body Meditation. Embodiment Coaching. Nervous system support.\" \/>\n<meta property=\"og:url\" content=\"https:\/\/www.katrinkruse.com\/11-coaching\/\" \/>\n<meta property=\"og:site_name\" content=\"Katrin Kruse\" \/>\n<meta property=\"article:modified_time\" content=\"2026-04-18T07:51:22+00:00\" \/>\n<script type=\"application\/ld+json\" class=\"yoast-schema-graph\">{\"@context\":\"https:\/\/schema.org\",\"@graph\":[{\"@type\":[\"Person\",\"Organization\"],\"@id\":\"https:\/\/www.katrinkruse.com\/de\/#\/schema\/person\/107d9a3cacb9e4b6a60389081f3a594b\",\"name\":\"Katrin Kruse\",\"image\":{\"@type\":\"ImageObject\",\"@id\":\"https:\/\/www.katrinkruse.com\/de\/#personlogo\",\"inLanguage\":\"de-DE\",\"url\":\"https:\/\/secure.gravatar.com\/avatar\/6e534c666d72699e4e992cef8bf6bfd4?s=96&d=mm&r=g\",\"caption\":\"Katrin Kruse\"},\"logo\":{\"@id\":\"https:\/\/www.katrinkruse.com\/de\/#personlogo\"},\"sameAs\":[\"http:\/\/www.katrinkruse.com\"]},{\"@type\":\"WebSite\",\"@id\":\"https:\/\/www.katrinkruse.com\/de\/#website\",\"url\":\"https:\/\/www.katrinkruse.com\/de\/\",\"name\":\"Katrin Kruse\",\"description\":\"\",\"publisher\":{\"@id\":\"https:\/\/www.katrinkruse.com\/de\/#\/schema\/person\/107d9a3cacb9e4b6a60389081f3a594b\"},\"potentialAction\":[{\"@type\":\"SearchAction\",\"target\":\"https:\/\/www.katrinkruse.com\/de\/?s={search_term_string}\",\"query-input\":\"required name=search_term_string\"}],\"inLanguage\":\"de-DE\"},{\"@type\":\"WebPage\",\"@id\":\"https:\/\/www.katrinkruse.com\/11-coaching\/#webpage\",\"url\":\"https:\/\/www.katrinkruse.com\/11-coaching\/\",\"name\":\"1:1 COACHING1:1 SESSIONS &ndash; Katrin Kruse\",\"isPartOf\":{\"@id\":\"https:\/\/www.katrinkruse.com\/de\/#website\"},\"datePublished\":\"2013-02-12T12:44:39+00:00\",\"dateModified\":\"2026-04-18T07:51:22+00:00\",\"description\":\"Coach. Autorin. Somatic Coach. K\\u00f6rpercoaching. Body Meditation. Embodiment Coaching. Nervous system support.\",\"inLanguage\":\"de-DE\",\"potentialAction\":[{\"@type\":\"ReadAction\",\"target\":[\"https:\/\/www.katrinkruse.com\/11-coaching\/\"]}]}]}<\/script>\n<!-- \/ Yoast SEO plugin. -->","_links":{"self":[{"href":"https:\/\/www.katrinkruse.com\/de\/wp-json\/wp\/v2\/pages\/160"}],"collection":[{"href":"https:\/\/www.katrinkruse.com\/de\/wp-json\/wp\/v2\/pages"}],"about":[{"href":"https:\/\/www.katrinkruse.com\/de\/wp-json\/wp\/v2\/types\/page"}],"author":[{"embeddable":true,"href":"https:\/\/www.katrinkruse.com\/de\/wp-json\/wp\/v2\/users\/1"}],"replies":[{"embeddable":true,"href":"https:\/\/www.katrinkruse.com\/de\/wp-json\/wp\/v2\/comments?post=160"}],"version-history":[{"count":85,"href":"https:\/\/www.katrinkruse.com\/de\/wp-json\/wp\/v2\/pages\/160\/revisions"}],"predecessor-version":[{"id":1108,"href":"https:\/\/www.katrinkruse.com\/de\/wp-json\/wp\/v2\/pages\/160\/revisions\/1108"}],"wp:attachment":[{"href":"https:\/\/www.katrinkruse.com\/de\/wp-json\/wp\/v2\/media?parent=160"}],"curies":[{"name":"wp","href":"https:\/\/api.w.org\/{rel}","templated":true}]}}